{"id":5,"date":"2022-03-04T08:43:22","date_gmt":"2022-03-04T07:43:22","guid":{"rendered":"https:\/\/fd-building-consulting.com\/?page_id=5"},"modified":"2026-04-07T07:11:51","modified_gmt":"2026-04-07T05:11:51","slug":"fd-building-consulting","status":"publish","type":"page","link":"https:\/\/fd-building-consulting.com\/","title":{"rendered":"FD Building Consulting"},"content":{"rendered":"\n<figure class=\"wp-block-image size-large\"><img loading=\"lazy\" decoding=\"async\" width=\"1024\" height=\"285\" src=\"https:\/\/fd-building-consulting.com\/wp-content\/uploads\/2022\/03\/image-22-1024x285.png\" alt=\"\" class=\"wp-image-39\" srcset=\"https:\/\/fd-building-consulting.com\/wp-content\/uploads\/2022\/03\/image-22-1024x285.png 1024w, https:\/\/fd-building-consulting.com\/wp-content\/uploads\/2022\/03\/image-22-300x84.png 300w, https:\/\/fd-building-consulting.com\/wp-content\/uploads\/2022\/03\/image-22-768x214.png 768w, https:\/\/fd-building-consulting.com\/wp-content\/uploads\/2022\/03\/image-22.png 1242w\" sizes=\"auto, (max-width: 1024px) 100vw, 1024px\" \/><\/figure>\n\n\n\n<div style=\"height:40px\" aria-hidden=\"true\" class=\"wp-block-spacer\"><\/div>\n\n\n\n<p class=\"has-text-align-left has-secondary-background-color has-background has-medium-font-size\" style=\"font-style:normal;font-weight:600\">Fort d\u2019une exp\u00e9rience de plus de vingt ans dans le secteur du b\u00e2timent (cabinets d\u2019ing\u00e9nierie pluridisciplinaire, contractant g\u00e9n\u00e9ral et entreprises) avec la r\u00e9alisation d\u2019op\u00e9rations en tant que Chef de Projet AMO, MOD, DET, MOE, MOEX, OPC, FD BUILDING CONSULTING propose aujourd\u2019hui d\u2019accompagner les entreprises sur des missions de Consultant, AMO, MOD et OPC dans toutes ou partie des phases d\u2019une op\u00e9ration de b\u00e2timent du secteur photovolta\u00efque, retail et tertiaire, de l\u2019ESQ \u00e0 l\u2019AOR, au national comme \u00e0 l\u2019international.<\/p>\n\n\n\n<p class=\"has-text-align-left has-secondary-background-color has-background has-medium-font-size\" style=\"font-style:normal;font-weight:600\">With over twenty years&rsquo; experience in the building sector (multi-disciplinary design offices, general contractors and companies), and having carried out projects as Project Manager Owner Assistance, Delegated Project Management, Management of the Work Execution, Project Supervisor, Control and Coordination, Today, FD BUILDING CONSULTING offers to assist companies with consultancy, project owner support and assistance, and assignments, Delegated Project Management, Control and Coordination for all or part of the phases of a building project in the photovoltaic, commercial and tertiary sectors, both nationally and internationally.<\/p>\n\n\n\n<div style=\"height:20px\" aria-hidden=\"true\" class=\"wp-block-spacer\"><\/div>\n\n\n\n<figure class=\"wp-block-image aligncenter size-full\"><img loading=\"lazy\" decoding=\"async\" width=\"433\" height=\"109\" src=\"https:\/\/fd-building-consulting.com\/wp-content\/uploads\/2022\/03\/image-23.png\" alt=\"\" class=\"wp-image-46\" srcset=\"https:\/\/fd-building-consulting.com\/wp-content\/uploads\/2022\/03\/image-23.png 433w, https:\/\/fd-building-consulting.com\/wp-content\/uploads\/2022\/03\/image-23-300x76.png 300w\" sizes=\"auto, (max-width: 433px) 100vw, 433px\" \/><\/figure>\n\n\n\n<p><\/p>\n\n\n\n<h3 class=\"wp-block-heading alignwide has-text-align-center\"><strong>9 rue du Petit Saint-Esprit &#8211; 13100 Aix en Provence<\/strong><\/h3>\n\n\n\n<div style=\"height:81px\" aria-hidden=\"true\" class=\"wp-block-spacer\"><\/div>\n\n\n\n<div class=\"wp-block-media-text alignwide is-stacked-on-mobile\" style=\"grid-template-columns:15% auto\"><figure class=\"wp-block-media-text__media\"><img loading=\"lazy\" decoding=\"async\" width=\"292\" height=\"291\" src=\"https:\/\/fd-building-consulting.com\/wp-content\/uploads\/2022\/03\/logo-tel.png\" alt=\"\" class=\"wp-image-57 size-full\" srcset=\"https:\/\/fd-building-consulting.com\/wp-content\/uploads\/2022\/03\/logo-tel.png 292w, https:\/\/fd-building-consulting.com\/wp-content\/uploads\/2022\/03\/logo-tel-150x150.png 150w\" sizes=\"auto, (max-width: 292px) 100vw, 292px\" \/><\/figure><div class=\"wp-block-media-text__content\">\n<p class=\"has-large-font-size\"><strong>+33 (0)6 71 78 66 98<\/strong><\/p>\n<\/div><\/div>\n\n\n\n<div style=\"height:80px\" aria-hidden=\"true\" class=\"wp-block-spacer\"><\/div>\n\n\n\n<div class=\"wp-block-media-text alignwide is-stacked-on-mobile\" style=\"grid-template-columns:15% auto\"><figure class=\"wp-block-media-text__media\"><img loading=\"lazy\" decoding=\"async\" width=\"66\" height=\"44\" src=\"https:\/\/fd-building-consulting.com\/wp-content\/uploads\/2022\/03\/logo-mail.png\" alt=\"\" class=\"wp-image-58 size-full\"\/><\/figure><div class=\"wp-block-media-text__content\">\n<p class=\"has-large-font-size\"><a href=\"mailto:contact@fd-building-consulting.com\"><strong>contact@fd-building-consulting.com<\/strong><\/a><\/p>\n<\/div><\/div>\n\n\n\n<div style=\"height:80px\" aria-hidden=\"true\" class=\"wp-block-spacer\"><\/div>\n\n\n\n<div class=\"wp-block-columns is-layout-flex wp-container-core-columns-is-layout-28f84493 wp-block-columns-is-layout-flex\">\n<div class=\"wp-block-column is-layout-flow wp-block-column-is-layout-flow\">\n<figure class=\"wp-block-image aligncenter size-large is-resized\"><a href=\"https:\/\/fr.linkedin.com\/in\/franckdecock\"><img loading=\"lazy\" decoding=\"async\" width=\"1024\" height=\"1024\" src=\"http:\/\/fd-building-consulting.com\/wp-content\/uploads\/2022\/03\/image-24-1024x1024.png\" alt=\"\" class=\"wp-image-49\" srcset=\"https:\/\/fd-building-consulting.com\/wp-content\/uploads\/2022\/03\/image-24.png 1024w, https:\/\/fd-building-consulting.com\/wp-content\/uploads\/2022\/03\/image-24-300x300.png 300w, https:\/\/fd-building-consulting.com\/wp-content\/uploads\/2022\/03\/image-24-150x150.png 150w, https:\/\/fd-building-consulting.com\/wp-content\/uploads\/2022\/03\/image-24-768x768.png 768w\" sizes=\"auto, (max-width: 1024px) 100vw, 1024px\" \/><\/a><\/figure>\n<\/div>\n\n\n\n<div class=\"wp-block-column is-layout-flow wp-block-column-is-layout-flow\">\n<figure class=\"wp-block-image aligncenter size-full is-resized\"><a href=\"https:\/\/g.page\/r\/Cdhbghu3EE4oEAE\"><img loading=\"lazy\" decoding=\"async\" width=\"118\" height=\"121\" src=\"https:\/\/fd-building-consulting.com\/wp-content\/uploads\/2022\/03\/google-logo-icon-10.jpg\" alt=\"\" class=\"wp-image-60\"\/><\/a><\/figure>\n<\/div>\n\n\n\n<div class=\"wp-block-column is-layout-flow wp-block-column-is-layout-flow\">\n<figure class=\"wp-block-image aligncenter size-full is-resized\"><img loading=\"lazy\" decoding=\"async\" width=\"223\" height=\"224\" src=\"https:\/\/fd-building-consulting.com\/wp-content\/uploads\/2022\/03\/image-260nw-593508272.jpg\" alt=\"\" class=\"wp-image-61\" srcset=\"https:\/\/fd-building-consulting.com\/wp-content\/uploads\/2022\/03\/image-260nw-593508272.jpg 223w, https:\/\/fd-building-consulting.com\/wp-content\/uploads\/2022\/03\/image-260nw-593508272-150x150.jpg 150w\" sizes=\"auto, (max-width: 223px) 100vw, 223px\" \/><\/figure>\n<\/div>\n<\/div>\n\n\n\n<div style=\"height:40px\" aria-hidden=\"true\" class=\"wp-block-spacer\"><\/div>\n\n\n\n<hr class=\"wp-block-separator has-css-opacity is-style-dots\"\/>\n\n\n\n<div style=\"height:40px\" aria-hidden=\"true\" class=\"wp-block-spacer\"><\/div>\n\n\n\n<hr class=\"wp-block-separator has-alpha-channel-opacity\"\/>\n\n\n\n<p class=\"has-text-align-center has-x-large-font-size\">OP\u00c9RATIONS R\u00c9ALIS\u00c9ES<\/p>\n\n\n\n<div class=\"wp-block-columns alignwide is-layout-flex wp-container-core-columns-is-layout-28f84493 wp-block-columns-is-layout-flex\">\n<div class=\"wp-block-column is-layout-flow wp-block-column-is-layout-flow\" style=\"flex-basis:100%\">\n<hr class=\"wp-block-separator alignwide has-alpha-channel-opacity\"\/>\n\n\n\n<figure class=\"wp-block-image size-large\"><img loading=\"lazy\" decoding=\"async\" width=\"1024\" height=\"695\" src=\"https:\/\/fd-building-consulting.com\/wp-content\/uploads\/2026\/04\/image-1024x695.png\" alt=\"\" class=\"wp-image-114\" srcset=\"https:\/\/fd-building-consulting.com\/wp-content\/uploads\/2026\/04\/image-1024x695.png 1024w, https:\/\/fd-building-consulting.com\/wp-content\/uploads\/2026\/04\/image-300x204.png 300w, https:\/\/fd-building-consulting.com\/wp-content\/uploads\/2026\/04\/image-768x521.png 768w, https:\/\/fd-building-consulting.com\/wp-content\/uploads\/2026\/04\/image-1536x1042.png 1536w, https:\/\/fd-building-consulting.com\/wp-content\/uploads\/2026\/04\/image.png 1720w\" sizes=\"auto, (max-width: 1024px) 100vw, 1024px\" \/><\/figure>\n\n\n\n<hr class=\"wp-block-separator alignwide has-alpha-channel-opacity\"\/>\n<\/div>\n<\/div>\n\n\n\n<figure class=\"wp-block-image size-large\"><img loading=\"lazy\" decoding=\"async\" width=\"1024\" height=\"693\" src=\"https:\/\/fd-building-consulting.com\/wp-content\/uploads\/2024\/11\/Image2-1024x693.png\" alt=\"\" class=\"wp-image-106\" srcset=\"https:\/\/fd-building-consulting.com\/wp-content\/uploads\/2024\/11\/Image2-1024x693.png 1024w, https:\/\/fd-building-consulting.com\/wp-content\/uploads\/2024\/11\/Image2-300x203.png 300w, https:\/\/fd-building-consulting.com\/wp-content\/uploads\/2024\/11\/Image2-768x519.png 768w, https:\/\/fd-building-consulting.com\/wp-content\/uploads\/2024\/11\/Image2-1536x1039.png 1536w, https:\/\/fd-building-consulting.com\/wp-content\/uploads\/2024\/11\/Image2-2048x1385.png 2048w\" sizes=\"auto, (max-width: 1024px) 100vw, 1024px\" \/><\/figure>\n\n\n\n<div class=\"wp-block-columns alignwide is-layout-flex wp-container-core-columns-is-layout-28f84493 wp-block-columns-is-layout-flex\">\n<div class=\"wp-block-column is-vertically-aligned-stretch is-layout-flow wp-block-column-is-layout-flow\" style=\"flex-basis:100%\">\n<hr class=\"wp-block-separator alignwide has-alpha-channel-opacity is-style-wide\"\/>\n<\/div>\n<\/div>\n\n\n\n<div style=\"height:0px\" aria-hidden=\"true\" class=\"wp-block-spacer\"><\/div>\n\n\n\n<figure class=\"wp-block-image size-large\"><img loading=\"lazy\" decoding=\"async\" width=\"1024\" height=\"711\" src=\"https:\/\/fd-building-consulting.com\/wp-content\/uploads\/2024\/11\/Image4-1024x711.png\" alt=\"\" class=\"wp-image-103\" srcset=\"https:\/\/fd-building-consulting.com\/wp-content\/uploads\/2024\/11\/Image4-1024x711.png 1024w, https:\/\/fd-building-consulting.com\/wp-content\/uploads\/2024\/11\/Image4-300x208.png 300w, https:\/\/fd-building-consulting.com\/wp-content\/uploads\/2024\/11\/Image4-768x533.png 768w, https:\/\/fd-building-consulting.com\/wp-content\/uploads\/2024\/11\/Image4-1536x1066.png 1536w, https:\/\/fd-building-consulting.com\/wp-content\/uploads\/2024\/11\/Image4-2048x1421.png 2048w\" sizes=\"auto, (max-width: 1024px) 100vw, 1024px\" \/><\/figure>\n\n\n\n<hr class=\"wp-block-separator has-alpha-channel-opacity is-style-wide\"\/>\n\n\n\n<figure class=\"wp-block-image size-large\"><img loading=\"lazy\" decoding=\"async\" width=\"1024\" height=\"712\" src=\"https:\/\/fd-building-consulting.com\/wp-content\/uploads\/2024\/11\/Image6-1024x712.png\" alt=\"\" class=\"wp-image-105\" srcset=\"https:\/\/fd-building-consulting.com\/wp-content\/uploads\/2024\/11\/Image6-1024x712.png 1024w, https:\/\/fd-building-consulting.com\/wp-content\/uploads\/2024\/11\/Image6-300x208.png 300w, https:\/\/fd-building-consulting.com\/wp-content\/uploads\/2024\/11\/Image6-768x534.png 768w, https:\/\/fd-building-consulting.com\/wp-content\/uploads\/2024\/11\/Image6-1536x1067.png 1536w, https:\/\/fd-building-consulting.com\/wp-content\/uploads\/2024\/11\/Image6-2048x1423.png 2048w\" sizes=\"auto, (max-width: 1024px) 100vw, 1024px\" \/><\/figure>\n\n\n\n<div class=\"wp-block-group is-layout-flow wp-block-group-is-layout-flow\">\n<hr class=\"wp-block-separator has-css-opacity is-style-wide\"\/>\n<\/div>\n\n\n\n<figure class=\"wp-block-image\"><img decoding=\"async\" src=\"https:\/\/fd-building-consulting.com\/wp-content\/uploads\/2022\/03\/image-7-1024x718.png\" alt=\"L\u2019attribut alt de cette image est vide, son nom de fichier est image-7-1024x718.png.\"\/><\/figure>\n\n\n\n<hr class=\"wp-block-separator has-css-opacity is-style-wide\"\/>\n\n\n\n<figure class=\"wp-block-image\"><img decoding=\"async\" src=\"https:\/\/fd-building-consulting.com\/wp-content\/uploads\/2022\/03\/image-8-1024x720.png\" alt=\"L\u2019attribut alt de cette image est vide, son nom de fichier est image-8-1024x720.png.\"\/><\/figure>\n\n\n\n<hr class=\"wp-block-separator has-css-opacity is-style-wide\"\/>\n\n\n\n<figure class=\"wp-block-image\"><img decoding=\"async\" src=\"https:\/\/fd-building-consulting.com\/wp-content\/uploads\/2022\/03\/image-9-1024x716.png\" alt=\"L\u2019attribut alt de cette image est vide, son nom de fichier est image-9-1024x716.png.\"\/><\/figure>\n\n\n\n<hr class=\"wp-block-separator has-css-opacity is-style-wide\"\/>\n\n\n\n<figure class=\"wp-block-image\"><img decoding=\"async\" src=\"https:\/\/fd-building-consulting.com\/wp-content\/uploads\/2022\/03\/image-10-1024x716.png\" alt=\"L\u2019attribut alt de cette image est vide, son nom de fichier est image-10-1024x716.png.\"\/><\/figure>\n\n\n\n<hr class=\"wp-block-separator has-css-opacity is-style-wide\"\/>\n\n\n\n<figure class=\"wp-block-image\"><img decoding=\"async\" src=\"https:\/\/fd-building-consulting.com\/wp-content\/uploads\/2022\/03\/image-11-1024x717.png\" alt=\"L\u2019attribut alt de cette image est vide, son nom de fichier est image-11-1024x717.png.\"\/><\/figure>\n\n\n\n<hr class=\"wp-block-separator has-css-opacity is-style-wide\"\/>\n\n\n\n<figure class=\"wp-block-image\"><img decoding=\"async\" src=\"https:\/\/fd-building-consulting.com\/wp-content\/uploads\/2022\/03\/image-12-1024x713.png\" alt=\"L\u2019attribut alt de cette image est vide, son nom de fichier est image-12-1024x713.png.\"\/><\/figure>\n\n\n\n<hr class=\"wp-block-separator has-css-opacity is-style-wide\"\/>\n\n\n\n<figure class=\"wp-block-image\"><img decoding=\"async\" src=\"https:\/\/fd-building-consulting.com\/wp-content\/uploads\/2022\/03\/image-13-1024x716.png\" alt=\"L\u2019attribut alt de cette image est vide, son nom de fichier est image-13-1024x716.png.\"\/><\/figure>\n\n\n\n<hr class=\"wp-block-separator has-css-opacity is-style-wide\"\/>\n\n\n\n<figure class=\"wp-block-image\"><img decoding=\"async\" src=\"https:\/\/fd-building-consulting.com\/wp-content\/uploads\/2022\/03\/image-14-1024x716.png\" alt=\"L\u2019attribut alt de cette image est vide, son nom de fichier est image-14-1024x716.png.\"\/><\/figure>\n\n\n\n<hr class=\"wp-block-separator has-css-opacity is-style-wide\"\/>\n\n\n\n<figure class=\"wp-block-image\"><img decoding=\"async\" src=\"https:\/\/fd-building-consulting.com\/wp-content\/uploads\/2022\/03\/image-15-1024x716.png\" alt=\"L\u2019attribut alt de cette image est vide, son nom de fichier est image-15-1024x716.png.\"\/><\/figure>\n\n\n\n<hr class=\"wp-block-separator has-css-opacity is-style-wide\"\/>\n\n\n\n<figure class=\"wp-block-image\"><img decoding=\"async\" src=\"https:\/\/fd-building-consulting.com\/wp-content\/uploads\/2022\/03\/image-16-1024x718.png\" alt=\"L\u2019attribut alt de cette image est vide, son nom de fichier est image-16-1024x718.png.\"\/><\/figure>\n\n\n\n<hr class=\"wp-block-separator has-css-opacity is-style-wide\"\/>\n\n\n\n<figure class=\"wp-block-image\"><img decoding=\"async\" src=\"https:\/\/fd-building-consulting.com\/wp-content\/uploads\/2022\/03\/image-17-1024x718.png\" alt=\"L\u2019attribut alt de cette image est vide, son nom de fichier est image-17-1024x718.png.\"\/><\/figure>\n\n\n\n<hr class=\"wp-block-separator has-css-opacity is-style-wide\"\/>\n\n\n\n<figure class=\"wp-block-image\"><img decoding=\"async\" src=\"https:\/\/fd-building-consulting.com\/wp-content\/uploads\/2022\/03\/image-18-1024x716.png\" alt=\"L\u2019attribut alt de cette image est vide, son nom de fichier est image-18-1024x716.png.\"\/><\/figure>\n\n\n\n<figure class=\"wp-block-image\"><img decoding=\"async\" src=\"https:\/\/fd-building-consulting.com\/wp-content\/uploads\/2022\/03\/image-19-1024x719.png\" alt=\"L\u2019attribut alt de cette image est vide, son nom de fichier est image-19-1024x719.png.\"\/><\/figure>\n\n\n\n<hr class=\"wp-block-separator has-css-opacity is-style-wide\"\/>\n\n\n\n<figure class=\"wp-block-image\"><img decoding=\"async\" src=\"https:\/\/fd-building-consulting.com\/wp-content\/uploads\/2022\/03\/image-20-1024x717.png\" alt=\"L\u2019attribut alt de cette image est vide, son nom de fichier est image-20-1024x717.png.\"\/><\/figure>\n","protected":false},"excerpt":{"rendered":"<p>Fort d\u2019une exp\u00e9rience de plus de vingt ans dans le secteur du b\u00e2timent (cabinets d\u2019ing\u00e9nierie pluridisciplinaire, contractant g\u00e9n\u00e9ral et entreprises) avec la r\u00e9alisation d\u2019op\u00e9rations en tant que Chef de Projet AMO, MOD, DET, MOE, MOEX, OPC, FD BUILDING CONSULTING propose aujourd\u2019hui d\u2019accompagner les entreprises sur des missions de Consultant, AMO, MOD et OPC dans toutes [&hellip;]<\/p>\n","protected":false},"author":1,"featured_media":106,"parent":0,"menu_order":0,"comment_status":"closed","ping_status":"closed","template":"","meta":{"footnotes":""},"class_list":["post-5","page","type-page","status-publish","has-post-thumbnail","hentry"],"_links":{"self":[{"href":"https:\/\/fd-building-consulting.com\/index.php\/wp-json\/wp\/v2\/pages\/5","targetHints":{"allow":["GET"]}}],"collection":[{"href":"https:\/\/fd-building-consulting.com\/index.php\/wp-json\/wp\/v2\/pages"}],"about":[{"href":"https:\/\/fd-building-consulting.com\/index.php\/wp-json\/wp\/v2\/types\/page"}],"author":[{"embeddable":true,"href":"https:\/\/fd-building-consulting.com\/index.php\/wp-json\/wp\/v2\/users\/1"}],"replies":[{"embeddable":true,"href":"https:\/\/fd-building-consulting.com\/index.php\/wp-json\/wp\/v2\/comments?post=5"}],"version-history":[{"count":30,"href":"https:\/\/fd-building-consulting.com\/index.php\/wp-json\/wp\/v2\/pages\/5\/revisions"}],"predecessor-version":[{"id":125,"href":"https:\/\/fd-building-consulting.com\/index.php\/wp-json\/wp\/v2\/pages\/5\/revisions\/125"}],"wp:featuredmedia":[{"embeddable":true,"href":"https:\/\/fd-building-consulting.com\/index.php\/wp-json\/wp\/v2\/media\/106"}],"wp:attachment":[{"href":"https:\/\/fd-building-consulting.com\/index.php\/wp-json\/wp\/v2\/media?parent=5"}],"curies":[{"name":"wp","href":"https:\/\/api.w.org\/{rel}","templated":true}]}}